{"id":10927,"date":"2023-02-07T10:25:56","date_gmt":"2023-02-07T09:25:56","guid":{"rendered":"https:\/\/diverinvest.es\/politica-de-cookies\/"},"modified":"2024-01-24T12:54:07","modified_gmt":"2024-01-24T11:54:07","slug":"politica-de-cookies","status":"publish","type":"page","link":"https:\/\/diverinvest.es\/ca\/politica-de-cookies\/","title":{"rendered":"Pol\u00edtica de Cookies"},"content":{"rendered":"\n<p><strong>Personalitza les galetes durant la navegaci\u00f3.<\/strong><\/p>\n\n<p>Es possible personalitzar l&#8217;\u00fas de les cookies que fem servir durant la vostra navegaci\u00f3. Ho podr\u00e0s fer <a href=\"\/#gdpr_cookie_modal\" target=\"_blank\" rel=\"noreferrer noopener\">aqu\u00ed<\/a>.<\/p>\n\n<p><strong>\u00bfQu\u00e8 s\u00f3n les cookies?<\/strong><\/p>\n\n<p>Es tracta d&#8217;uns fitxers que, un cop instal\u00b7lats al teu navegador, permeten recopilar informaci\u00f3 sobre les p\u00e0gines visitades, el temps de connexi\u00f3 i tenen com a finalitat analitzar el funcionament del sistema, localitzar les incid\u00e8ncies i problemes que puguin sorgir i resoldre&#8217;ls en el menor temps possible, continuar oferint els serveis que sol\u00b7licites, con\u00e8ixer millor les teves prefer\u00e8ncies i poder oferir-te altres serveis.<\/p>\n\n<p><strong>Tipus de cookies<\/strong><\/p>\n\n<ul class=\"wp-block-list\">\n<li><strong>Segons l&#8217;entitat que les genera:<\/strong><\/li>\n<\/ul>\n\n<p><strong>Cookies pr\u00f2pies<\/strong>: s\u00f3n aquelles que s&#8217;envien a l&#8217;equip terminal de l&#8217;usuari des d&#8217;un equip o domini gestionat pel propi editor i des del qual es presta el servei sol\u00b7licitat per l&#8217;usuari.<\/p>\n\n<p><strong>Cookies de tercers<\/strong>: s\u00f3n aquelles que s&#8217;envien a l&#8217;equip terminal de l&#8217;usuari des d&#8217;un equip o domini que no \u00e9s gestionat per l&#8217;editor, sin\u00f3 per una altra entitat que tracta les dades obtingudes a trav\u00e9s de les cookies.<\/p>\n\n<ul class=\"wp-block-list\">\n<li><strong>Segons el termini durant el qual es mantenen actives:<\/strong><\/li>\n<\/ul>\n\n<p><strong>Cookies de sessi\u00f3<\/strong>: s\u00f3n un tipus de cookies dissenyades per recopilar i emmagatzemar dades mentre l&#8217;usuari accedeix a les nostres p\u00e0gines. Aquestes cookies s\u00f3n temporals i s&#8217;esborren de l&#8217;equip al finalitzar la navegaci\u00f3 per la p\u00e0gina web.<\/p>\n\n<p><strong>Cookies persistents<\/strong>: s\u00f3n un tipus de cookies en les quals les dades continuen emmagatzemades en el terminal i poden ser accedides i tractades durant un per\u00edode definit pel responsable de la cookie, i que pot anar d&#8217;uns minuts a diversos anys.<\/p>\n\n<ul class=\"wp-block-list\">\n<li><strong>Segons la finalitat per a la qual s&#8217;utilitzen:<\/strong><\/li>\n<\/ul>\n\n<p><strong>Cookies t\u00e8cniques<\/strong><\/p>\n\n<p>S\u00f3n aquelles que permeten a l&#8217;usuari la navegaci\u00f3 a trav\u00e9s d&#8217;una p\u00e0gina web, plataforma o aplicaci\u00f3 i l&#8217;\u00fas de les diferents opcions o serveis que hi hagin, incloent-hi aquelles que l&#8217;editor utilitza per permetre la gesti\u00f3 i operativitat de la p\u00e0gina web i habilitar les seves funcions i serveis, com, per exemple, controlar el tr\u00e0nsit i la comunicaci\u00f3 de dades, identificar la sessi\u00f3, accedir a parts d&#8217;acc\u00e9s restringit, recordar els elements que integren una comanda, realitzar el proc\u00e9s de compra d&#8217;una comanda, gestionar el pagament, controlar la frau vinculat a la seguretat del servei, realitzar la sol\u00b7licitud d&#8217;inscripci\u00f3 o participaci\u00f3 en un esdeveniment, comptar visites a efectes de la facturaci\u00f3 de llic\u00e8ncies del programari amb el qual funciona el servei (lloc web, plataforma o aplicaci\u00f3), utilitzar elements de seguretat durant la navegaci\u00f3, emmagatzemar continguts per a la difusi\u00f3 de v\u00eddeos o so, habilitar continguts din\u00e0mics (per exemple, animaci\u00f3 de c\u00e0rrega d&#8217;un text o imatge) o compartir continguts a trav\u00e9s de xarxes socials. Tamb\u00e9 pertanyen a aquesta categoria, per la seva naturalesa t\u00e8cnica, aquelles cookies que permeten la gesti\u00f3, de la forma m\u00e9s efica\u00e7 possible, dels espais publicitaris que, com un element m\u00e9s de disseny o &#8220;maquetaci\u00f3&#8221; del servei ofert a l&#8217;usuari, l&#8217;editor hagi incl\u00f2s en una p\u00e0gina web, aplicaci\u00f3 o plataforma en base a criteris com el contingut editat, sense que es recopili informaci\u00f3 dels usuaris amb finalitats diferents, com podria ser personalitzar aquest contingut publicitari o altres continguts.<\/p>\n\n<p><strong>Cookies d&#8217;An\u00e0lisis<\/strong><\/p>\n\n<p>Aquestes cookies ens ajuden a entendre com interactua cada usuari amb el nostre lloc web (per exemple, quines p\u00e0gines generen m\u00e9s inter\u00e8s, quantes persones han visitat el lloc, quin \u00e9s el temps mitj\u00e0 d&#8217;una visita al lloc, etc.). Aquesta informaci\u00f3 \u00e9s an\u00f2nima i nom\u00e9s ens proporciona dades estad\u00edstiques amb l&#8217;objectiu de con\u00e8ixer qu\u00e8 interessa m\u00e9s al nostre p\u00fablic i com podem millorar l&#8217;oferta de productes i serveis, el funcionament del lloc web o l&#8217;experi\u00e8ncia de l&#8217;usuari. Tot i que no s\u00f3n necess\u00e0ries per navegar pel nostre lloc web, ens agradaria que ens ajudessis a millorar acceptant aquestes cookies, les quals, en cap cas, conservaran informaci\u00f3 personal sobre tu.<\/p>\n\n<p><strong>Cookies de Publicitat i Perfils<\/strong><\/p>\n\n<p>Aquestes cookies s&#8217;utilitzen per crear perfils d&#8217;usuari basats en les seves prefer\u00e8ncies personals, interessos i el seu comportament durant la navegaci\u00f3, amb l&#8217;objectiu de mostrar publicitat en funci\u00f3 d&#8217;aquestes dades. Ja que es tracta de cookies que no s\u00f3n necess\u00e0ries per al correcte funcionament del lloc web, [Titular del Sitio web] habilita a l&#8217;usuari la possibilitat d&#8217;activar-les o desactivar-les.<\/p>\n\n<p><strong>Pr\u00f2pies (de WordPress):<\/strong><\/p>\n\n<figure class=\"wp-block-table\"><table><tbody><tr><td><strong>Nom de cookie<\/strong><\/td><td><strong>Duraci\u00f3<\/strong><\/td><td><strong>Finalitat<\/strong><\/td><\/tr><tr><td>PHPSESSID<\/td><td>Sessi\u00f3<\/td><td>Aquesta cookie s&#8217;utilitza pel llenguatge d&#8217;encriptaci\u00f3 PHP per permetre que les variables de sessi\u00f3 es guardin en el servidor web.<\/td><\/tr><tr><td>moove_gdpr_popup<\/td><td>Sessi\u00f3<\/td><td>Cookies d&#8217;\u00fas intern necess\u00e0ries per al funcionament de la visualitzaci\u00f3 de la pol\u00edtica de cookies de la web.<\/td><\/tr><tr><td>tk_ai<\/td><td>Sessi\u00f3<\/td><td>Aquesta cookie emmagatzema un ID an\u00f2nim generat de forma aleat\u00f2ria. Aix\u00f2 nom\u00e9s s&#8217;utilitza en l&#8217;escriptori de WordPress (\/wp-admin) i es fa servir per al seguiment de l&#8217;\u00fas, si est\u00e0 habilitat.<\/td><\/tr><tr><td>wordpress_logged_in_<\/td><td>Sessi\u00f3<\/td><td>Cookie de WordPress per a un usuari que ha iniciat sessi\u00f3.<\/td><\/tr><tr><td>wordpress_sec_<\/td><td>Sessi\u00f3<\/td><td>Aquestes cookies ens ajuden a mantenir-te connectat al nostre lloc web.<\/td><\/tr><tr><td>wordpress_test_cookie<\/td><td>Sessi\u00f3<\/td><td>Aquesta cookie s&#8217;utilitza perqu\u00e8 el gestor de continguts WordPress comprovi si el navegador t\u00e9 les galetes activades.<\/td><\/tr><tr><td>wp-settings-time-*<\/td><td>1 any<\/td><td>Aquesta cookie s&#8217;utilitza per personalitzar la interf\u00edcie d&#8217;usuari.<\/td><\/tr><tr><td>wp-settings-*<\/td><td>1 any<\/td><td>Aquesta cookie s&#8217;utilitza per personalitzar la interf\u00edcie d&#8217;usuari.<\/td><\/tr><tr><td>wp-wpml_current_language<\/td><td>Sessi\u00f3<\/td><td>Aquesta cookie emmagatzema l&#8217;idioma de l&#8217;usuari per poder-li mostrar el contingut del lloc web en l&#8217;idioma adequat.<\/td><\/tr><tr><td>wp-wpml_current_admin_language_<\/td><td>Sessi\u00f3<\/td><td>Aquesta cookie emmagatzema l&#8217;idioma predeterminat per a l&#8217;usuari administrador del lloc web.<\/td><\/tr><\/tbody><\/table><\/figure>\n\n<p><strong>Pr\u00f2pies (de l&#8217;extensi\u00f3 de WooCommerce):<\/strong><\/p>\n\n<figure class=\"wp-block-table\"><table><thead><tr><th>Nom de cookie<\/th><th>Duraci\u00f3<\/th><th>Finalitat<\/th><\/tr><\/thead><tbody><tr><td><code>woocommerce_cart_hash<\/code><\/td><td>sessi\u00f3<\/td><td>Ajuda a WooCommerce a determinar quan canvia el contingut\/les dades del carret\u00f3 de la compra.<\/td><\/tr><tr><td><code>woocommerce_items_in_cart<\/code><\/td><td>sessi\u00f3<\/td><td>Ajuda a WooCommerce a determinar quan canvia el contingut\/les dades del carret\u00f3 de la compra.<\/td><\/tr><tr><td><code>wp_woocommerce_session_<\/code><\/td><td>2 dies<\/td><td>Cont\u00e9 un codi \u00fanic per a cada client perqu\u00e8 s\u00e0piga on trobar les dades del carret\u00f3 a la base de dades de cada client.<\/td><\/tr><tr><td><code>woocommerce_recently_viewed<\/code><\/td><td>sessi\u00f3<\/td><td>Activa el widget de <a href=\"https:\/\/docs.woocommerce.com\/document\/woocommerce-widgets\/\">productes vistos recentment<\/a>.<\/td><\/tr><tr><td><code>store_notice[notice id]<\/code><\/td><td>sessi\u00f3<\/td><td>Permet als clients descartar l&#8217;<a href=\"https:\/\/docs.woocommerce.com\/document\/woocommerce-customizer\/#section-2\">av\u00eds de la botiga<\/a>.<\/td><\/tr><tr><td><code>woocommerce_snooze_suggestions__[suggestion]<\/code><\/td><td>2 dies<\/td><td>Permet als usuaris del panell descartar <a href=\"https:\/\/woocommerce.com\/posts\/marketplace-suggestions\/\">les suggeriments del Marketplace<\/a>, si est\u00e0 habilitat.<\/td><\/tr><tr><td><code>woocommerce_dismissed_suggestions__[context]<\/code><\/td><td>1 mes<\/td><td>Compte de les desestimacions de suggeriments, si est\u00e0 habilitat.<\/td><\/tr><tr><td><code>tk_ai<\/code><\/td><td>sessi\u00f3<\/td><td>Emmagatzema una identificaci\u00f3 an\u00f2nima generada de forma aleat\u00f2ria. Aix\u00f2 nom\u00e9s s&#8217;utilitza dins del <code>\/wp-admin<\/code>\u00e0rea del tauler ( ) i s&#8217;utilitza per al seguiment de l&#8217;\u00fas, si est\u00e0 habilitat.<\/td><\/tr><\/tbody><\/table><\/figure>\n\n<p><strong>TERCERS:<\/strong><\/p>\n\n<figure class=\"wp-block-table\"><table><tbody><tr><td>Nom de cookie<\/td><td>Duraci\u00f3<\/td><td>Finalitat<\/td><\/tr><tr><td>mp_*_mixpanel<\/td><td>Sessi\u00f3<\/td><td>Mixpanel Analytics estableix aquesta galeta i ens ajuda a entendre com les persones utilitzen el lloc web perqu\u00e8 puguem millorar l&#8217;experi\u00e8ncia.<\/td><\/tr><tr><td>_ga<\/td><td>2 anys<\/td><td>\u00c9s una cookie de Google Analytics que utilitza un identificador an\u00f2nim per distingir usuaris an\u00f2nims. Aquesta cookie realitza an\u00e0lisis sobre les interaccions dels usuaris amb l&#8217;objectiu d&#8217;optimitzar els serveis que ofereixen. T\u00e9 una durada de dos anys.<\/td><\/tr><tr><td>_gat<\/td><td>1 minut<\/td><td>\u00c9s una cookie de Google Analytics que s&#8217;utilitza per diferenciar entre els diferents objectes de seguiment creats en la sessi\u00f3. La cookie caduca als deu minuts i es actualitza cada vegada que envia les dades a Google Analytics. S&#8217;elimina en tancar el navegador. Si s&#8217;ha implementat Google Analytics mitjan\u00e7ant Google Tag Manager, aquesta galeta es dir\u00e0 _dc_gtm_.<\/td><\/tr><tr><td>_gid<\/td><td>24 hores<\/td><td>\u00c9s una cookie de Google Analytics que s&#8217;utilitza per distingir els usuaris i t\u00e9 una duraci\u00f3 de 24 hores.<\/td><\/tr><tr><td>_gcl_au<\/td><td>3 mesos<\/td><td>Utilitzat per Google AdSense per experimentar amb l&#8217;efici\u00e8ncia publicit\u00e0ria als llocs web que utilitzen els seus serveis. \u00c9s la cookie d&#8217;origen per a la funcionalitat de &#8220;Conversion Linker&#8221;: pren informaci\u00f3 en clics d&#8217;anuncis i la emmagatzema en una galeta d&#8217;origen perqu\u00e8 les conversions puguin atribuir-se fora de la p\u00e0gina d&#8217;aterratge.<\/td><\/tr><tr><td>NID<\/td><td>6 mesos<\/td><td>Cookie de Google Analytics. Permeten personalitzar com es veuen els anuncis fora de Google o emmagatzemar informaci\u00f3 com l&#8217;idioma preferit a l&#8217;hora de mostrar resultats de cerca.<\/td><\/tr><tr><td>_gat_gtag_UA_<\/td><td>Sessi\u00f3<\/td><td>Aquesta cookie de Google Analytics \u00e9s d&#8217;an\u00e0lisi i serveix per mesurar com els usuaris interactuen amb la nostra p\u00e0gina web.<\/td><\/tr><\/tbody><\/table><\/figure>\n\n<ul class=\"wp-block-list\">\n<li><strong>Configurar, deshabilitar i bloquejar cookies al teu navegador<\/strong><\/li>\n<\/ul>\n\n<p>[Titular del Sitio web]<strong> <\/strong>no es fa responsable del contingut i veracitat de les pol\u00edtiques de privadesa dels tercers incloses en aquesta pol\u00edtica de cookies.<\/p>\n\n<p>En cas que desitgis posteriorment eliminar les cookies que s&#8217;hagin emmagatzemat al teu ordinador i que necess\u00e0riament necessitin del teu consentiment, podr\u00e0s fer-ho usant les eines que et proporcioni el teu navegador a aquests efectes. En aquest sentit, depenent del vostre navegador, en els seg\u00fcents enlla\u00e7os es detalla el procediment per desactivar les cookies:<\/p>\n\n<ul class=\"wp-block-list\">\n<li>Google Chrome: <a href=\"https:\/\/support.google.com\/chrome\/answer\/95647?hl=es-ES\">https:\/\/support.google.com\/chrome\/answer\/95647?hl=es-ES<\/a><\/li>\n\n\n\n<li>Mozilla Firefox (para PC y Mac): <a href=\"https:\/\/support.mozilla.org\/es\/kb\/cookies-informacion-que-los-sitios-web-guardan-en-\">https:\/\/support.mozilla.org\/es\/kb\/cookies-informacion-que-los-sitios-web-guardan-en-<\/a><\/li>\n\n\n\n<li>IE 6+: <a href=\"http:\/\/windows.microsoft.com\/es-es\/internet-explorer\/delete-manage-cookies#ie=ie-10-win-7\">http:\/\/windows.microsoft.com\/es-es\/internet-explorer\/delete-manage-cookies#ie=ie-10-win-7<\/a><\/li>\n\n\n\n<li>Apple Safari \u2013 IOS: <a href=\"https:\/\/support.apple.com\/es-es\/HT1677\">https:\/\/support.apple.com\/es-es\/HT1677<\/a><\/li>\n\n\n\n<li>ANDROID: <a href=\"https:\/\/support.google.com\/chrome\/answer\/2392971?hl=es\">https:\/\/support.google.com\/chrome\/answer\/2392971?hl=es<\/a><\/li>\n<\/ul>\n","protected":false},"excerpt":{"rendered":"<p>Personalitza les galetes durant la navegaci\u00f3. Es possible personalitzar l&#8217;\u00fas de les cookies que fem servir durant la vostra navegaci\u00f3. Ho podr\u00e0s fer aqu\u00ed. \u00bfQu\u00e8 s\u00f3n les cookies? Es tracta d&#8217;uns fitxers que, un cop instal\u00b7lats al teu navegador, permeten recopilar informaci\u00f3 sobre les p\u00e0gines visitades, el temps de connexi\u00f3 i tenen com a finalitat [&hellip;]<\/p>\n","protected":false},"author":3,"featured_media":0,"parent":0,"menu_order":0,"comment_status":"closed","ping_status":"closed","template":"","meta":{"_acf_changed":false,"footnotes":""},"class_list":["post-10927","page","type-page","status-publish","hentry"],"acf":[],"yoast_head":"<!-- This site is optimized with the Yoast SEO plugin v27.5 - https:\/\/yoast.com\/product\/yoast-seo-wordpress\/ -->\n<title>Pol\u00edtica de Cookies - DiverInvest<\/title>\n<meta name=\"robots\" content=\"index, follow, max-snippet:-1, max-image-preview:large, max-video-preview:-1\" \/>\n<link rel=\"canonical\" href=\"https:\/\/diverinvest.es\/ca\/politica-de-cookies\/\" \/>\n<meta property=\"og:locale\" content=\"ca_ES\" \/>\n<meta property=\"og:type\" content=\"article\" \/>\n<meta property=\"og:title\" content=\"Pol\u00edtica de Cookies - DiverInvest\" \/>\n<meta property=\"og:description\" content=\"Personalitza les galetes durant la navegaci\u00f3. Es possible personalitzar l&#8217;\u00fas de les cookies que fem servir durant la vostra navegaci\u00f3. Ho podr\u00e0s fer aqu\u00ed. \u00bfQu\u00e8 s\u00f3n les cookies? Es tracta d&#8217;uns fitxers que, un cop instal\u00b7lats al teu navegador, permeten recopilar informaci\u00f3 sobre les p\u00e0gines visitades, el temps de connexi\u00f3 i tenen com a finalitat [&hellip;]\" \/>\n<meta property=\"og:url\" content=\"https:\/\/diverinvest.es\/ca\/politica-de-cookies\/\" \/>\n<meta property=\"og:site_name\" content=\"DiverInvest\" \/>\n<meta property=\"article:modified_time\" content=\"2024-01-24T11:54:07+00:00\" \/>\n<meta name=\"twitter:card\" content=\"summary_large_image\" \/>\n<meta name=\"twitter:label1\" content=\"Temps estimat de lectura\" \/>\n\t<meta name=\"twitter:data1\" content=\"7 minuts\" \/>\n<script type=\"application\/ld+json\" class=\"yoast-schema-graph\">{\"@context\":\"https:\\\/\\\/schema.org\",\"@graph\":[{\"@type\":\"WebPage\",\"@id\":\"https:\\\/\\\/diverinvest.es\\\/ca\\\/politica-de-cookies\\\/\",\"url\":\"https:\\\/\\\/diverinvest.es\\\/ca\\\/politica-de-cookies\\\/\",\"name\":\"Pol\u00edtica de Cookies - DiverInvest\",\"isPartOf\":{\"@id\":\"https:\\\/\\\/diverinvest.es\\\/ca\\\/#website\"},\"datePublished\":\"2023-02-07T09:25:56+00:00\",\"dateModified\":\"2024-01-24T11:54:07+00:00\",\"breadcrumb\":{\"@id\":\"https:\\\/\\\/diverinvest.es\\\/ca\\\/politica-de-cookies\\\/#breadcrumb\"},\"inLanguage\":\"ca\",\"potentialAction\":[{\"@type\":\"ReadAction\",\"target\":[\"https:\\\/\\\/diverinvest.es\\\/ca\\\/politica-de-cookies\\\/\"]}]},{\"@type\":\"BreadcrumbList\",\"@id\":\"https:\\\/\\\/diverinvest.es\\\/ca\\\/politica-de-cookies\\\/#breadcrumb\",\"itemListElement\":[{\"@type\":\"ListItem\",\"position\":1,\"name\":\"Portada\",\"item\":\"https:\\\/\\\/diverinvest.es\\\/ca\\\/\"},{\"@type\":\"ListItem\",\"position\":2,\"name\":\"Pol\u00edtica de Cookies\"}]},{\"@type\":\"WebSite\",\"@id\":\"https:\\\/\\\/diverinvest.es\\\/ca\\\/#website\",\"url\":\"https:\\\/\\\/diverinvest.es\\\/ca\\\/\",\"name\":\"DiverInvest\",\"description\":\"Corporate Family Office\",\"potentialAction\":[{\"@type\":\"SearchAction\",\"target\":{\"@type\":\"EntryPoint\",\"urlTemplate\":\"https:\\\/\\\/diverinvest.es\\\/ca\\\/?s={search_term_string}\"},\"query-input\":{\"@type\":\"PropertyValueSpecification\",\"valueRequired\":true,\"valueName\":\"search_term_string\"}}],\"inLanguage\":\"ca\"}]}<\/script>\n<!-- \/ Yoast SEO plugin. -->","yoast_head_json":{"title":"Pol\u00edtica de Cookies - DiverInvest","robots":{"index":"index","follow":"follow","max-snippet":"max-snippet:-1","max-image-preview":"max-image-preview:large","max-video-preview":"max-video-preview:-1"},"canonical":"https:\/\/diverinvest.es\/ca\/politica-de-cookies\/","og_locale":"ca_ES","og_type":"article","og_title":"Pol\u00edtica de Cookies - DiverInvest","og_description":"Personalitza les galetes durant la navegaci\u00f3. Es possible personalitzar l&#8217;\u00fas de les cookies que fem servir durant la vostra navegaci\u00f3. Ho podr\u00e0s fer aqu\u00ed. \u00bfQu\u00e8 s\u00f3n les cookies? Es tracta d&#8217;uns fitxers que, un cop instal\u00b7lats al teu navegador, permeten recopilar informaci\u00f3 sobre les p\u00e0gines visitades, el temps de connexi\u00f3 i tenen com a finalitat [&hellip;]","og_url":"https:\/\/diverinvest.es\/ca\/politica-de-cookies\/","og_site_name":"DiverInvest","article_modified_time":"2024-01-24T11:54:07+00:00","twitter_card":"summary_large_image","twitter_misc":{"Temps estimat de lectura":"7 minuts"},"schema":{"@context":"https:\/\/schema.org","@graph":[{"@type":"WebPage","@id":"https:\/\/diverinvest.es\/ca\/politica-de-cookies\/","url":"https:\/\/diverinvest.es\/ca\/politica-de-cookies\/","name":"Pol\u00edtica de Cookies - DiverInvest","isPartOf":{"@id":"https:\/\/diverinvest.es\/ca\/#website"},"datePublished":"2023-02-07T09:25:56+00:00","dateModified":"2024-01-24T11:54:07+00:00","breadcrumb":{"@id":"https:\/\/diverinvest.es\/ca\/politica-de-cookies\/#breadcrumb"},"inLanguage":"ca","potentialAction":[{"@type":"ReadAction","target":["https:\/\/diverinvest.es\/ca\/politica-de-cookies\/"]}]},{"@type":"BreadcrumbList","@id":"https:\/\/diverinvest.es\/ca\/politica-de-cookies\/#breadcrumb","itemListElement":[{"@type":"ListItem","position":1,"name":"Portada","item":"https:\/\/diverinvest.es\/ca\/"},{"@type":"ListItem","position":2,"name":"Pol\u00edtica de Cookies"}]},{"@type":"WebSite","@id":"https:\/\/diverinvest.es\/ca\/#website","url":"https:\/\/diverinvest.es\/ca\/","name":"DiverInvest","description":"Corporate Family Office","potentialAction":[{"@type":"SearchAction","target":{"@type":"EntryPoint","urlTemplate":"https:\/\/diverinvest.es\/ca\/?s={search_term_string}"},"query-input":{"@type":"PropertyValueSpecification","valueRequired":true,"valueName":"search_term_string"}}],"inLanguage":"ca"}]}},"_links":{"self":[{"href":"https:\/\/diverinvest.es\/ca\/wp-json\/wp\/v2\/pages\/10927","targetHints":{"allow":["GET"]}}],"collection":[{"href":"https:\/\/diverinvest.es\/ca\/wp-json\/wp\/v2\/pages"}],"about":[{"href":"https:\/\/diverinvest.es\/ca\/wp-json\/wp\/v2\/types\/page"}],"author":[{"embeddable":true,"href":"https:\/\/diverinvest.es\/ca\/wp-json\/wp\/v2\/users\/3"}],"replies":[{"embeddable":true,"href":"https:\/\/diverinvest.es\/ca\/wp-json\/wp\/v2\/comments?post=10927"}],"version-history":[{"count":0,"href":"https:\/\/diverinvest.es\/ca\/wp-json\/wp\/v2\/pages\/10927\/revisions"}],"wp:attachment":[{"href":"https:\/\/diverinvest.es\/ca\/wp-json\/wp\/v2\/media?parent=10927"}],"curies":[{"name":"wp","href":"https:\/\/api.w.org\/{rel}","templated":true}]}}