{"id":10822,"date":"2023-12-04T18:38:16","date_gmt":"2023-12-04T17:38:16","guid":{"rendered":"https:\/\/diverinvest.es\/canal-etic\/"},"modified":"2025-09-17T11:42:53","modified_gmt":"2025-09-17T09:42:53","slug":"canal-etic","status":"publish","type":"page","link":"https:\/\/diverinvest.es\/ca\/canal-etic\/","title":{"rendered":"Canal \u00e8tic"},"content":{"rendered":"\n<ul class=\"wp-block-list\">\n<li><a href=\"https:\/\/diverinvest.es\/wp-content\/uploads\/2_Explicacion-Canal-de-denuncias_pagina-web_CAST-v2.pdf\" target=\"_blank\" rel=\"noreferrer noopener\">Explicaci\u00f3 Canal de den\u00fancies p\u00e0gina web (ES)<\/a><\/li>\n\n\n\n<li><a href=\"https:\/\/diverinvest.es\/wp-content\/uploads\/2_Explicacio-Canal-de-denuncies_pagina-web_CAT.pdf\" target=\"_blank\" rel=\"noreferrer noopener\">Explicaci\u00f3 Canal de den\u00fancies p\u00e0gina web (CA)<\/a><\/li>\n\n\n\n<li><a href=\"https:\/\/diverinvest.es\/wp-content\/uploads\/2_Explicacion-Canal-de-denuncias_pagina-web_ING.pdf\" target=\"_blank\" rel=\"noreferrer noopener\">Explicaci\u00f3 Canal de den\u00fancies p\u00e0gina web (EN)<\/a><\/li>\n\n\n\n<li><a href=\"https:\/\/diverinvest.es\/wp-content\/uploads\/3.-Protocolo-de-investigaciones-internas.pdf\" target=\"_blank\" rel=\"noreferrer noopener\">Protocol d&#8217;investigacions internes<\/a><\/li>\n\n\n\n<li><a href=\"https:\/\/diverinvest.es\/wp-content\/uploads\/4.-Politica-del-sistema-interno-de-informacion.pdf\" target=\"_blank\" rel=\"noreferrer noopener\">Pol\u00edtica del sistema intern d&#8217;informaci\u00f3<\/a><\/li>\n\n\n\n<li><a href=\"https:\/\/canal-etico.lant-abogados.com\/Specific\/MVistaPublica?codiClient=MDAxMjY0&amp;secure=118190.0\" target=\"_blank\" rel=\"noreferrer noopener\">Canal de den\u00fancies<\/a><\/li>\n<\/ul>\n","protected":false},"excerpt":{"rendered":"","protected":false},"author":3,"featured_media":0,"parent":0,"menu_order":0,"comment_status":"closed","ping_status":"closed","template":"","meta":{"_acf_changed":false,"footnotes":""},"class_list":["post-10822","page","type-page","status-publish","hentry"],"acf":[],"yoast_head":"<!-- This site is optimized with the Yoast SEO plugin v27.4 - https:\/\/yoast.com\/product\/yoast-seo-wordpress\/ -->\n<title>Canal \u00e8tic - DiverInvest<\/title>\n<meta name=\"robots\" content=\"index, follow, max-snippet:-1, max-image-preview:large, max-video-preview:-1\" \/>\n<link rel=\"canonical\" href=\"https:\/\/diverinvest.es\/ca\/canal-etic\/\" \/>\n<meta property=\"og:locale\" content=\"ca_ES\" \/>\n<meta property=\"og:type\" content=\"article\" \/>\n<meta property=\"og:title\" content=\"Canal \u00e8tic - DiverInvest\" \/>\n<meta property=\"og:url\" content=\"https:\/\/diverinvest.es\/ca\/canal-etic\/\" \/>\n<meta property=\"og:site_name\" content=\"DiverInvest\" \/>\n<meta property=\"article:modified_time\" content=\"2025-09-17T09:42:53+00:00\" \/>\n<meta name=\"twitter:card\" content=\"summary_large_image\" \/>\n<meta name=\"twitter:label1\" content=\"Temps estimat de lectura\" \/>\n\t<meta name=\"twitter:data1\" content=\"1 minut\" \/>\n<script type=\"application\/ld+json\" class=\"yoast-schema-graph\">{\"@context\":\"https:\\\/\\\/schema.org\",\"@graph\":[{\"@type\":\"WebPage\",\"@id\":\"https:\\\/\\\/diverinvest.es\\\/ca\\\/canal-etic\\\/\",\"url\":\"https:\\\/\\\/diverinvest.es\\\/ca\\\/canal-etic\\\/\",\"name\":\"Canal \u00e8tic - DiverInvest\",\"isPartOf\":{\"@id\":\"https:\\\/\\\/diverinvest.es\\\/ca\\\/#website\"},\"datePublished\":\"2023-12-04T17:38:16+00:00\",\"dateModified\":\"2025-09-17T09:42:53+00:00\",\"breadcrumb\":{\"@id\":\"https:\\\/\\\/diverinvest.es\\\/ca\\\/canal-etic\\\/#breadcrumb\"},\"inLanguage\":\"ca\",\"potentialAction\":[{\"@type\":\"ReadAction\",\"target\":[\"https:\\\/\\\/diverinvest.es\\\/ca\\\/canal-etic\\\/\"]}]},{\"@type\":\"BreadcrumbList\",\"@id\":\"https:\\\/\\\/diverinvest.es\\\/ca\\\/canal-etic\\\/#breadcrumb\",\"itemListElement\":[{\"@type\":\"ListItem\",\"position\":1,\"name\":\"Portada\",\"item\":\"https:\\\/\\\/diverinvest.es\\\/ca\\\/\"},{\"@type\":\"ListItem\",\"position\":2,\"name\":\"Canal \u00e8tic\"}]},{\"@type\":\"WebSite\",\"@id\":\"https:\\\/\\\/diverinvest.es\\\/ca\\\/#website\",\"url\":\"https:\\\/\\\/diverinvest.es\\\/ca\\\/\",\"name\":\"DiverInvest\",\"description\":\"Corporate Family Office\",\"potentialAction\":[{\"@type\":\"SearchAction\",\"target\":{\"@type\":\"EntryPoint\",\"urlTemplate\":\"https:\\\/\\\/diverinvest.es\\\/ca\\\/?s={search_term_string}\"},\"query-input\":{\"@type\":\"PropertyValueSpecification\",\"valueRequired\":true,\"valueName\":\"search_term_string\"}}],\"inLanguage\":\"ca\"}]}<\/script>\n<!-- \/ Yoast SEO plugin. -->","yoast_head_json":{"title":"Canal \u00e8tic - DiverInvest","robots":{"index":"index","follow":"follow","max-snippet":"max-snippet:-1","max-image-preview":"max-image-preview:large","max-video-preview":"max-video-preview:-1"},"canonical":"https:\/\/diverinvest.es\/ca\/canal-etic\/","og_locale":"ca_ES","og_type":"article","og_title":"Canal \u00e8tic - DiverInvest","og_url":"https:\/\/diverinvest.es\/ca\/canal-etic\/","og_site_name":"DiverInvest","article_modified_time":"2025-09-17T09:42:53+00:00","twitter_card":"summary_large_image","twitter_misc":{"Temps estimat de lectura":"1 minut"},"schema":{"@context":"https:\/\/schema.org","@graph":[{"@type":"WebPage","@id":"https:\/\/diverinvest.es\/ca\/canal-etic\/","url":"https:\/\/diverinvest.es\/ca\/canal-etic\/","name":"Canal \u00e8tic - DiverInvest","isPartOf":{"@id":"https:\/\/diverinvest.es\/ca\/#website"},"datePublished":"2023-12-04T17:38:16+00:00","dateModified":"2025-09-17T09:42:53+00:00","breadcrumb":{"@id":"https:\/\/diverinvest.es\/ca\/canal-etic\/#breadcrumb"},"inLanguage":"ca","potentialAction":[{"@type":"ReadAction","target":["https:\/\/diverinvest.es\/ca\/canal-etic\/"]}]},{"@type":"BreadcrumbList","@id":"https:\/\/diverinvest.es\/ca\/canal-etic\/#breadcrumb","itemListElement":[{"@type":"ListItem","position":1,"name":"Portada","item":"https:\/\/diverinvest.es\/ca\/"},{"@type":"ListItem","position":2,"name":"Canal \u00e8tic"}]},{"@type":"WebSite","@id":"https:\/\/diverinvest.es\/ca\/#website","url":"https:\/\/diverinvest.es\/ca\/","name":"DiverInvest","description":"Corporate Family Office","potentialAction":[{"@type":"SearchAction","target":{"@type":"EntryPoint","urlTemplate":"https:\/\/diverinvest.es\/ca\/?s={search_term_string}"},"query-input":{"@type":"PropertyValueSpecification","valueRequired":true,"valueName":"search_term_string"}}],"inLanguage":"ca"}]}},"_links":{"self":[{"href":"https:\/\/diverinvest.es\/ca\/wp-json\/wp\/v2\/pages\/10822","targetHints":{"allow":["GET"]}}],"collection":[{"href":"https:\/\/diverinvest.es\/ca\/wp-json\/wp\/v2\/pages"}],"about":[{"href":"https:\/\/diverinvest.es\/ca\/wp-json\/wp\/v2\/types\/page"}],"author":[{"embeddable":true,"href":"https:\/\/diverinvest.es\/ca\/wp-json\/wp\/v2\/users\/3"}],"replies":[{"embeddable":true,"href":"https:\/\/diverinvest.es\/ca\/wp-json\/wp\/v2\/comments?post=10822"}],"version-history":[{"count":0,"href":"https:\/\/diverinvest.es\/ca\/wp-json\/wp\/v2\/pages\/10822\/revisions"}],"wp:attachment":[{"href":"https:\/\/diverinvest.es\/ca\/wp-json\/wp\/v2\/media?parent=10822"}],"curies":[{"name":"wp","href":"https:\/\/api.w.org\/{rel}","templated":true}]}}